{"id":12,"date":"2026-01-26T14:58:47","date_gmt":"2026-01-26T14:58:47","guid":{"rendered":"https:\/\/oparidenda.rkinformatika.online\/?page_id=12"},"modified":"2026-02-03T09:54:22","modified_gmt":"2026-02-03T09:54:22","slug":"productos","status":"publish","type":"page","link":"https:\/\/oparidenda.es\/eu\/productos\/","title":{"rendered":"Produktuak"},"content":{"rendered":"<div data-elementor-type=\"wp-page\" data-elementor-id=\"12\" class=\"elementor elementor-12\" data-elementor-post-type=\"page\">\n\t\t\t\t<div class=\"elementor-element elementor-element-716cbfa e-flex e-con-boxed e-con e-parent\" data-id=\"716cbfa\" data-element_type=\"container\" data-e-type=\"container\" data-settings=\"{&quot;background_background&quot;:&quot;classic&quot;}\">\n\t\t\t\t\t<div class=\"e-con-inner\">\n\t\t\t\t<div class=\"elementor-element elementor-element-a1fd094 elementor-invisible elementor-widget elementor-widget-heading\" data-id=\"a1fd094\" data-element_type=\"widget\" data-e-type=\"widget\" data-settings=\"{&quot;_animation&quot;:&quot;fadeInLeft&quot;}\" data-widget_type=\"heading.default\">\n\t\t\t\t\t<h2 class=\"elementor-heading-title elementor-size-default\">M\u00e1s de 25 a\u00f1os ofreci\u00e9ndote <br>todo lo que necesitas<\/h2>\t\t\t\t<\/div>\n\t\t\t\t\t<\/div>\n\t\t\t\t<\/div>\n\t\t<div class=\"elementor-element elementor-element-e304cff e-flex e-con-boxed e-con e-parent\" data-id=\"e304cff\" data-element_type=\"container\" data-e-type=\"container\" data-settings=\"{&quot;background_background&quot;:&quot;classic&quot;}\">\n\t\t\t\t\t<div class=\"e-con-inner\">\n\t\t<div class=\"elementor-element elementor-element-48253dd e-con-full e-flex e-con e-child\" data-id=\"48253dd\" data-element_type=\"container\" data-e-type=\"container\">\n\t\t\t\t<div class=\"elementor-element elementor-element-03f7677 elementor-widget elementor-widget-heading\" data-id=\"03f7677\" data-element_type=\"widget\" data-e-type=\"widget\" data-widget_type=\"heading.default\">\n\t\t\t\t\t<h2 class=\"elementor-heading-title elementor-size-default\">Bazar y Regalo<\/h2>\t\t\t\t<\/div>\n\t\t\t\t<div class=\"elementor-element elementor-element-928c27d elementor-widget elementor-widget-text-editor\" data-id=\"928c27d\" data-element_type=\"widget\" data-e-type=\"widget\" data-widget_type=\"text-editor.default\">\n\t\t\t\t\t\t\t\t\t<ul><li data-start=\"248\" data-end=\"337\"><p data-start=\"250\" data-end=\"337\">Art\u00edculos de decoraci\u00f3n, detalles para cualquier ocasi\u00f3n y complementos de temporada.<\/p><\/li><li data-start=\"338\" data-end=\"418\"><p data-start=\"340\" data-end=\"418\">Regalos originales para cumplea\u00f1os, aniversarios o celebraciones especiales.<\/p><\/li><\/ul>\t\t\t\t\t\t\t\t<\/div>\n\t\t\t\t<\/div>\n\t\t<div class=\"elementor-element elementor-element-6daa778 e-con-full e-flex e-con e-child\" data-id=\"6daa778\" data-element_type=\"container\" data-e-type=\"container\">\n\t\t\t\t<div class=\"elementor-element elementor-element-2f93310 elementor-widget elementor-widget-image\" data-id=\"2f93310\" data-element_type=\"widget\" data-e-type=\"widget\" data-widget_type=\"image.default\">\n\t\t\t\t\t\t\t\t\t\t\t\t\t\t\t<img fetchpriority=\"high\" decoding=\"async\" width=\"800\" height=\"534\" src=\"https:\/\/oparidenda.es\/wp-content\/uploads\/2026\/02\/49848-1024x683.jpg\" class=\"attachment-large size-large wp-image-189\" alt=\"\" srcset=\"https:\/\/oparidenda.es\/wp-content\/uploads\/2026\/02\/49848-1024x683.jpg 1024w, https:\/\/oparidenda.es\/wp-content\/uploads\/2026\/02\/49848-300x200.jpg 300w, https:\/\/oparidenda.es\/wp-content\/uploads\/2026\/02\/49848-768x512.jpg 768w, https:\/\/oparidenda.es\/wp-content\/uploads\/2026\/02\/49848-18x12.jpg 18w, https:\/\/oparidenda.es\/wp-content\/uploads\/2026\/02\/49848.jpg 1500w\" sizes=\"(max-width: 800px) 100vw, 800px\" \/>\t\t\t\t\t\t\t\t\t\t\t\t\t\t\t<\/div>\n\t\t\t\t<\/div>\n\t\t<div class=\"elementor-element elementor-element-83e74f4 e-con-full e-flex e-con e-child\" data-id=\"83e74f4\" data-element_type=\"container\" data-e-type=\"container\">\n\t\t\t\t<div class=\"elementor-element elementor-element-de9bde8 elementor-widget elementor-widget-image\" data-id=\"de9bde8\" data-element_type=\"widget\" data-e-type=\"widget\" data-widget_type=\"image.default\">\n\t\t\t\t\t\t\t\t\t\t\t\t\t\t\t<img decoding=\"async\" width=\"800\" height=\"534\" src=\"https:\/\/oparidenda.es\/wp-content\/uploads\/2026\/02\/36075-1024x683.jpg\" class=\"attachment-large size-large wp-image-203\" alt=\"\" srcset=\"https:\/\/oparidenda.es\/wp-content\/uploads\/2026\/02\/36075-1024x683.jpg 1024w, https:\/\/oparidenda.es\/wp-content\/uploads\/2026\/02\/36075-300x200.jpg 300w, https:\/\/oparidenda.es\/wp-content\/uploads\/2026\/02\/36075-768x512.jpg 768w, https:\/\/oparidenda.es\/wp-content\/uploads\/2026\/02\/36075-18x12.jpg 18w, https:\/\/oparidenda.es\/wp-content\/uploads\/2026\/02\/36075.jpg 1500w\" sizes=\"(max-width: 800px) 100vw, 800px\" \/>\t\t\t\t\t\t\t\t\t\t\t\t\t\t\t<\/div>\n\t\t\t\t<\/div>\n\t\t<div class=\"elementor-element elementor-element-facc902 e-con-full e-flex e-con e-child\" data-id=\"facc902\" data-element_type=\"container\" data-e-type=\"container\">\n\t\t\t\t<div class=\"elementor-element elementor-element-c535881 elementor-widget elementor-widget-heading\" data-id=\"c535881\" data-element_type=\"widget\" data-e-type=\"widget\" data-widget_type=\"heading.default\">\n\t\t\t\t\t<h2 class=\"elementor-heading-title elementor-size-default\">Alimentaci\u00f3n<\/h2>\t\t\t\t<\/div>\n\t\t\t\t<div class=\"elementor-element elementor-element-da4eb5d elementor-widget elementor-widget-text-editor\" data-id=\"da4eb5d\" data-element_type=\"widget\" data-e-type=\"widget\" data-widget_type=\"text-editor.default\">\n\t\t\t\t\t\t\t\t\t<ul><li data-start=\"442\" data-end=\"497\"><p data-start=\"444\" data-end=\"497\"><strong data-start=\"444\" data-end=\"466\">Productos b\u00e1sicos:<\/strong> pan, leche, embutidos y m\u00e1s.<\/p><\/li><li data-start=\"498\" data-end=\"535\"><p data-start=\"500\" data-end=\"535\"><strong data-start=\"500\" data-end=\"512\">Bebidas:<\/strong> fr\u00edas y energ\u00e9ticas.<\/p><\/li><li data-start=\"536\" data-end=\"592\"><p data-start=\"538\" data-end=\"592\"><strong data-start=\"538\" data-end=\"562\">Snacks y aperitivos:<\/strong> patatas, frutos secos, etc.<\/p><\/li><li data-start=\"593\" data-end=\"644\"><p data-start=\"595\" data-end=\"644\"><strong data-start=\"595\" data-end=\"606\">Dulces:<\/strong> golosinas, chocolates y chucher\u00edas.<\/p><\/li><li data-start=\"645\" data-end=\"687\"><p data-start=\"647\" data-end=\"687\"><strong data-start=\"647\" data-end=\"657\">Hielo:<\/strong> para tus bebidas y fiestas.<\/p><\/li><\/ul>\t\t\t\t\t\t\t\t<\/div>\n\t\t\t\t<\/div>\n\t\t\t\t\t<\/div>\n\t\t\t\t<\/div>\n\t\t<div class=\"elementor-element elementor-element-2271f40 e-flex e-con-boxed e-con e-parent\" data-id=\"2271f40\" data-element_type=\"container\" data-e-type=\"container\" data-settings=\"{&quot;background_background&quot;:&quot;classic&quot;}\">\n\t\t\t\t\t<div class=\"e-con-inner\">\n\t\t<div class=\"elementor-element elementor-element-afa04d3 e-con-full e-flex e-con e-child\" data-id=\"afa04d3\" data-element_type=\"container\" data-e-type=\"container\">\n\t\t\t\t<div class=\"elementor-element elementor-element-5f33c1a elementor-widget elementor-widget-heading\" data-id=\"5f33c1a\" data-element_type=\"widget\" data-e-type=\"widget\" data-widget_type=\"heading.default\">\n\t\t\t\t\t<h2 class=\"elementor-heading-title elementor-size-default\">Mercer\u00eda y Ferreter\u00eda<\/h2>\t\t\t\t<\/div>\n\t\t\t\t<div class=\"elementor-element elementor-element-430bb6d elementor-widget elementor-widget-text-editor\" data-id=\"430bb6d\" data-element_type=\"widget\" data-e-type=\"widget\" data-widget_type=\"text-editor.default\">\n\t\t\t\t\t\t\t\t\t<ul><li data-start=\"720\" data-end=\"780\"><p data-start=\"722\" data-end=\"780\">Hilos, agujas, botones, cierres y accesorios de costura.<\/p><\/li><li data-start=\"781\" data-end=\"846\"><p data-start=\"783\" data-end=\"846\">Herramientas b\u00e1sicas y utensilios para peque\u00f1as reparaciones.<\/p><\/li><\/ul>\t\t\t\t\t\t\t\t<\/div>\n\t\t\t\t<\/div>\n\t\t<div class=\"elementor-element elementor-element-33990ba e-con-full e-flex e-con e-child\" data-id=\"33990ba\" data-element_type=\"container\" data-e-type=\"container\">\n\t\t\t\t<div class=\"elementor-element elementor-element-d151b9f elementor-widget elementor-widget-image\" data-id=\"d151b9f\" data-element_type=\"widget\" data-e-type=\"widget\" data-widget_type=\"image.default\">\n\t\t\t\t\t\t\t\t\t\t\t\t\t\t\t<img decoding=\"async\" width=\"800\" height=\"534\" src=\"https:\/\/oparidenda.es\/wp-content\/uploads\/2026\/02\/2148640257-1024x683.jpg\" class=\"attachment-large size-large wp-image-208\" alt=\"\" srcset=\"https:\/\/oparidenda.es\/wp-content\/uploads\/2026\/02\/2148640257-1024x683.jpg 1024w, https:\/\/oparidenda.es\/wp-content\/uploads\/2026\/02\/2148640257-300x200.jpg 300w, https:\/\/oparidenda.es\/wp-content\/uploads\/2026\/02\/2148640257-768x512.jpg 768w, https:\/\/oparidenda.es\/wp-content\/uploads\/2026\/02\/2148640257-18x12.jpg 18w, https:\/\/oparidenda.es\/wp-content\/uploads\/2026\/02\/2148640257.jpg 1500w\" sizes=\"(max-width: 800px) 100vw, 800px\" \/>\t\t\t\t\t\t\t\t\t\t\t\t\t\t\t<\/div>\n\t\t\t\t<\/div>\n\t\t<div class=\"elementor-element elementor-element-15e662c e-con-full e-flex e-con e-child\" data-id=\"15e662c\" data-element_type=\"container\" data-e-type=\"container\">\n\t\t\t\t<div class=\"elementor-element elementor-element-688a328 elementor-widget elementor-widget-image\" data-id=\"688a328\" data-element_type=\"widget\" data-e-type=\"widget\" data-widget_type=\"image.default\">\n\t\t\t\t\t\t\t\t\t\t\t\t\t\t\t<img loading=\"lazy\" decoding=\"async\" width=\"800\" height=\"450\" src=\"https:\/\/oparidenda.es\/wp-content\/uploads\/2026\/02\/2037701-1024x576.jpg\" class=\"attachment-large size-large wp-image-209\" alt=\"\" srcset=\"https:\/\/oparidenda.es\/wp-content\/uploads\/2026\/02\/2037701-1024x576.jpg 1024w, https:\/\/oparidenda.es\/wp-content\/uploads\/2026\/02\/2037701-300x169.jpg 300w, https:\/\/oparidenda.es\/wp-content\/uploads\/2026\/02\/2037701-768x432.jpg 768w, https:\/\/oparidenda.es\/wp-content\/uploads\/2026\/02\/2037701-18x10.jpg 18w, https:\/\/oparidenda.es\/wp-content\/uploads\/2026\/02\/2037701.jpg 1500w\" sizes=\"(max-width: 800px) 100vw, 800px\" \/>\t\t\t\t\t\t\t\t\t\t\t\t\t\t\t<\/div>\n\t\t\t\t<\/div>\n\t\t<div class=\"elementor-element elementor-element-ecf8999 e-con-full e-flex e-con e-child\" data-id=\"ecf8999\" data-element_type=\"container\" data-e-type=\"container\">\n\t\t\t\t<div class=\"elementor-element elementor-element-fcc7ea0 elementor-widget elementor-widget-heading\" data-id=\"fcc7ea0\" data-element_type=\"widget\" data-e-type=\"widget\" data-widget_type=\"heading.default\">\n\t\t\t\t\t<h2 class=\"elementor-heading-title elementor-size-default\">Hogar y Limpieza<\/h2>\t\t\t\t<\/div>\n\t\t\t\t<div class=\"elementor-element elementor-element-bb50675 elementor-widget elementor-widget-text-editor\" data-id=\"bb50675\" data-element_type=\"widget\" data-e-type=\"widget\" data-widget_type=\"text-editor.default\">\n\t\t\t\t\t\t\t\t\t<ul><li data-start=\"874\" data-end=\"920\"><p data-start=\"876\" data-end=\"920\">Art\u00edculos de limpieza y cuidado del hogar.<\/p><\/li><li data-start=\"921\" data-end=\"976\"><p data-start=\"923\" data-end=\"976\">Detalles para mantener tu casa c\u00f3moda y organizada.<\/p><\/li><\/ul>\t\t\t\t\t\t\t\t<\/div>\n\t\t\t\t<\/div>\n\t\t\t\t\t<\/div>\n\t\t\t\t<\/div>\n\t\t<div class=\"elementor-element elementor-element-e1d74ea e-flex e-con-boxed e-con e-parent\" data-id=\"e1d74ea\" data-element_type=\"container\" data-e-type=\"container\" data-settings=\"{&quot;background_background&quot;:&quot;classic&quot;}\">\n\t\t\t\t\t<div class=\"e-con-inner\">\n\t\t\t\t<div class=\"elementor-element elementor-element-cc3fae8 elementor-widget elementor-widget-heading\" data-id=\"cc3fae8\" data-element_type=\"widget\" data-e-type=\"widget\" data-widget_type=\"heading.default\">\n\t\t\t\t\t<h2 class=\"elementor-heading-title elementor-size-default\">Ven y descubre todo lo que tenemos para ti<\/h2>\t\t\t\t<\/div>\n\t\t\t\t<div class=\"elementor-element elementor-element-0855984 elementor-widget elementor-widget-text-editor\" data-id=\"0855984\" data-element_type=\"widget\" data-e-type=\"widget\" data-widget_type=\"text-editor.default\">\n\t\t\t\t\t\t\t\t\t<p><strong data-start=\"878\" data-end=\"925\">Cont\u00e1ctanos y te ayudaremos con una sonrisa<\/strong>.<\/p>\t\t\t\t\t\t\t\t<\/div>\n\t\t\t\t<div class=\"elementor-element elementor-element-ded8063 elementor-align-center elementor-widget elementor-widget-button\" data-id=\"ded8063\" data-element_type=\"widget\" data-e-type=\"widget\" data-widget_type=\"button.default\">\n\t\t\t\t\t\t\t\t\t\t<a class=\"elementor-button elementor-button-link elementor-size-sm\" href=\"https:\/\/oparidenda.es\/eu\/contacto\/\">\n\t\t\t\t\t\t<span class=\"elementor-button-content-wrapper\">\n\t\t\t\t\t\t\t\t\t<span class=\"elementor-button-text\">Kontaktua<\/span>\n\t\t\t\t\t<\/span>\n\t\t\t\t\t<\/a>\n\t\t\t\t\t\t\t\t<\/div>\n\t\t\t\t\t<\/div>\n\t\t\t\t<\/div>\n\t\t\t\t<\/div>","protected":false},"excerpt":{"rendered":"<p>M\u00e1s de 25 a\u00f1os ofreci\u00e9ndote todo lo que necesitas Bazar y Regalo Art\u00edculos de decoraci\u00f3n, detalles para cualquier ocasi\u00f3n y complementos de temporada. Regalos originales para cumplea\u00f1os, aniversarios o celebraciones especiales. Alimentaci\u00f3n Productos b\u00e1sicos: pan, leche, embutidos y m\u00e1s. Bebidas: fr\u00edas y energ\u00e9ticas. Snacks y aperitivos: patatas, frutos secos, etc. Dulces: golosinas, chocolates y chucher\u00edas. [&hellip;]<\/p>\n","protected":false},"author":1,"featured_media":0,"parent":0,"menu_order":0,"comment_status":"closed","ping_status":"closed","template":"elementor_canvas","meta":{"footnotes":""},"class_list":["post-12","page","type-page","status-publish","hentry"],"yoast_head":"<!-- This site is optimized with the Yoast SEO plugin v27.3 - https:\/\/yoast.com\/product\/yoast-seo-wordpress\/ -->\n<title>Productos - Opari Denda<\/title>\n<meta name=\"robots\" content=\"index, follow, max-snippet:-1, max-image-preview:large, max-video-preview:-1\" \/>\n<link rel=\"canonical\" href=\"https:\/\/oparidenda.es\/eu\/productos\/\" \/>\n<meta property=\"og:locale\" content=\"en_US\" \/>\n<meta property=\"og:type\" content=\"article\" \/>\n<meta property=\"og:title\" content=\"Productos - Opari Denda\" \/>\n<meta property=\"og:description\" content=\"M\u00e1s de 25 a\u00f1os ofreci\u00e9ndote todo lo que necesitas Bazar y Regalo Art\u00edculos de decoraci\u00f3n, detalles para cualquier ocasi\u00f3n y complementos de temporada. Regalos originales para cumplea\u00f1os, aniversarios o celebraciones especiales. Alimentaci\u00f3n Productos b\u00e1sicos: pan, leche, embutidos y m\u00e1s. Bebidas: fr\u00edas y energ\u00e9ticas. Snacks y aperitivos: patatas, frutos secos, etc. Dulces: golosinas, chocolates y chucher\u00edas. [&hellip;]\" \/>\n<meta property=\"og:url\" content=\"https:\/\/oparidenda.es\/eu\/productos\/\" \/>\n<meta property=\"og:site_name\" content=\"Opari Denda\" \/>\n<meta property=\"article:modified_time\" content=\"2026-02-03T09:54:22+00:00\" \/>\n<meta property=\"og:image\" content=\"https:\/\/oparidenda.es\/wp-content\/uploads\/2026\/02\/49848.jpg\" \/>\n\t<meta property=\"og:image:width\" content=\"1500\" \/>\n\t<meta property=\"og:image:height\" content=\"1000\" \/>\n\t<meta property=\"og:image:type\" content=\"image\/jpeg\" \/>\n<meta name=\"twitter:card\" content=\"summary_large_image\" \/>\n<meta name=\"twitter:label1\" content=\"Est. reading time\" \/>\n\t<meta name=\"twitter:data1\" content=\"1 minutua\" \/>\n<script type=\"application\/ld+json\" class=\"yoast-schema-graph\">{\"@context\":\"https:\\\/\\\/schema.org\",\"@graph\":[{\"@type\":\"WebPage\",\"@id\":\"https:\\\/\\\/oparidenda.es\\\/productos\\\/\",\"url\":\"https:\\\/\\\/oparidenda.es\\\/productos\\\/\",\"name\":\"Productos - Opari Denda\",\"isPartOf\":{\"@id\":\"https:\\\/\\\/oparidenda.es\\\/#website\"},\"primaryImageOfPage\":{\"@id\":\"https:\\\/\\\/oparidenda.es\\\/productos\\\/#primaryimage\"},\"image\":{\"@id\":\"https:\\\/\\\/oparidenda.es\\\/productos\\\/#primaryimage\"},\"thumbnailUrl\":\"https:\\\/\\\/oparidenda.es\\\/wp-content\\\/uploads\\\/2026\\\/02\\\/49848-1024x683.jpg\",\"datePublished\":\"2026-01-26T14:58:47+00:00\",\"dateModified\":\"2026-02-03T09:54:22+00:00\",\"breadcrumb\":{\"@id\":\"https:\\\/\\\/oparidenda.es\\\/productos\\\/#breadcrumb\"},\"inLanguage\":\"eu\",\"potentialAction\":[{\"@type\":\"ReadAction\",\"target\":[\"https:\\\/\\\/oparidenda.es\\\/productos\\\/\"]}]},{\"@type\":\"ImageObject\",\"inLanguage\":\"eu\",\"@id\":\"https:\\\/\\\/oparidenda.es\\\/productos\\\/#primaryimage\",\"url\":\"https:\\\/\\\/oparidenda.es\\\/wp-content\\\/uploads\\\/2026\\\/02\\\/49848-1024x683.jpg\",\"contentUrl\":\"https:\\\/\\\/oparidenda.es\\\/wp-content\\\/uploads\\\/2026\\\/02\\\/49848-1024x683.jpg\"},{\"@type\":\"BreadcrumbList\",\"@id\":\"https:\\\/\\\/oparidenda.es\\\/productos\\\/#breadcrumb\",\"itemListElement\":[{\"@type\":\"ListItem\",\"position\":1,\"name\":\"Portada\",\"item\":\"https:\\\/\\\/oparidenda.es\\\/\"},{\"@type\":\"ListItem\",\"position\":2,\"name\":\"Productos\"}]},{\"@type\":\"WebSite\",\"@id\":\"https:\\\/\\\/oparidenda.es\\\/#website\",\"url\":\"https:\\\/\\\/oparidenda.es\\\/\",\"name\":\"Opari Denda\",\"description\":\"Bazar\",\"publisher\":{\"@id\":\"https:\\\/\\\/oparidenda.es\\\/#organization\"},\"potentialAction\":[{\"@type\":\"SearchAction\",\"target\":{\"@type\":\"EntryPoint\",\"urlTemplate\":\"https:\\\/\\\/oparidenda.es\\\/?s={search_term_string}\"},\"query-input\":{\"@type\":\"PropertyValueSpecification\",\"valueRequired\":true,\"valueName\":\"search_term_string\"}}],\"inLanguage\":\"eu\"},{\"@type\":\"Organization\",\"@id\":\"https:\\\/\\\/oparidenda.es\\\/#organization\",\"name\":\"Opari Denda\",\"url\":\"https:\\\/\\\/oparidenda.es\\\/\",\"logo\":{\"@type\":\"ImageObject\",\"inLanguage\":\"eu\",\"@id\":\"https:\\\/\\\/oparidenda.es\\\/#\\\/schema\\\/logo\\\/image\\\/\",\"url\":\"https:\\\/\\\/oparidenda.es\\\/wp-content\\\/uploads\\\/2026\\\/01\\\/cropped-oparidenda.png\",\"contentUrl\":\"https:\\\/\\\/oparidenda.es\\\/wp-content\\\/uploads\\\/2026\\\/01\\\/cropped-oparidenda.png\",\"width\":861,\"height\":349,\"caption\":\"Opari Denda\"},\"image\":{\"@id\":\"https:\\\/\\\/oparidenda.es\\\/#\\\/schema\\\/logo\\\/image\\\/\"}}]}<\/script>\n<!-- \/ Yoast SEO plugin. -->","yoast_head_json":{"title":"Productos - Opari Denda","robots":{"index":"index","follow":"follow","max-snippet":"max-snippet:-1","max-image-preview":"max-image-preview:large","max-video-preview":"max-video-preview:-1"},"canonical":"https:\/\/oparidenda.es\/eu\/productos\/","og_locale":"en_US","og_type":"article","og_title":"Productos - Opari Denda","og_description":"M\u00e1s de 25 a\u00f1os ofreci\u00e9ndote todo lo que necesitas Bazar y Regalo Art\u00edculos de decoraci\u00f3n, detalles para cualquier ocasi\u00f3n y complementos de temporada. Regalos originales para cumplea\u00f1os, aniversarios o celebraciones especiales. Alimentaci\u00f3n Productos b\u00e1sicos: pan, leche, embutidos y m\u00e1s. Bebidas: fr\u00edas y energ\u00e9ticas. Snacks y aperitivos: patatas, frutos secos, etc. Dulces: golosinas, chocolates y chucher\u00edas. [&hellip;]","og_url":"https:\/\/oparidenda.es\/eu\/productos\/","og_site_name":"Opari Denda","article_modified_time":"2026-02-03T09:54:22+00:00","og_image":[{"width":1500,"height":1000,"url":"https:\/\/oparidenda.es\/wp-content\/uploads\/2026\/02\/49848.jpg","type":"image\/jpeg"}],"twitter_card":"summary_large_image","twitter_misc":{"Est. reading time":"1 minutua"},"schema":{"@context":"https:\/\/schema.org","@graph":[{"@type":"WebPage","@id":"https:\/\/oparidenda.es\/productos\/","url":"https:\/\/oparidenda.es\/productos\/","name":"Productos - Opari Denda","isPartOf":{"@id":"https:\/\/oparidenda.es\/#website"},"primaryImageOfPage":{"@id":"https:\/\/oparidenda.es\/productos\/#primaryimage"},"image":{"@id":"https:\/\/oparidenda.es\/productos\/#primaryimage"},"thumbnailUrl":"https:\/\/oparidenda.es\/wp-content\/uploads\/2026\/02\/49848-1024x683.jpg","datePublished":"2026-01-26T14:58:47+00:00","dateModified":"2026-02-03T09:54:22+00:00","breadcrumb":{"@id":"https:\/\/oparidenda.es\/productos\/#breadcrumb"},"inLanguage":"eu","potentialAction":[{"@type":"ReadAction","target":["https:\/\/oparidenda.es\/productos\/"]}]},{"@type":"ImageObject","inLanguage":"eu","@id":"https:\/\/oparidenda.es\/productos\/#primaryimage","url":"https:\/\/oparidenda.es\/wp-content\/uploads\/2026\/02\/49848-1024x683.jpg","contentUrl":"https:\/\/oparidenda.es\/wp-content\/uploads\/2026\/02\/49848-1024x683.jpg"},{"@type":"BreadcrumbList","@id":"https:\/\/oparidenda.es\/productos\/#breadcrumb","itemListElement":[{"@type":"ListItem","position":1,"name":"Portada","item":"https:\/\/oparidenda.es\/"},{"@type":"ListItem","position":2,"name":"Productos"}]},{"@type":"WebSite","@id":"https:\/\/oparidenda.es\/#website","url":"https:\/\/oparidenda.es\/","name":"Opari Denda","description":"Bazar","publisher":{"@id":"https:\/\/oparidenda.es\/#organization"},"potentialAction":[{"@type":"SearchAction","target":{"@type":"EntryPoint","urlTemplate":"https:\/\/oparidenda.es\/?s={search_term_string}"},"query-input":{"@type":"PropertyValueSpecification","valueRequired":true,"valueName":"search_term_string"}}],"inLanguage":"eu"},{"@type":"Organization","@id":"https:\/\/oparidenda.es\/#organization","name":"Opari Denda","url":"https:\/\/oparidenda.es\/","logo":{"@type":"ImageObject","inLanguage":"eu","@id":"https:\/\/oparidenda.es\/#\/schema\/logo\/image\/","url":"https:\/\/oparidenda.es\/wp-content\/uploads\/2026\/01\/cropped-oparidenda.png","contentUrl":"https:\/\/oparidenda.es\/wp-content\/uploads\/2026\/01\/cropped-oparidenda.png","width":861,"height":349,"caption":"Opari Denda"},"image":{"@id":"https:\/\/oparidenda.es\/#\/schema\/logo\/image\/"}}]}},"_links":{"self":[{"href":"https:\/\/oparidenda.es\/eu\/wp-json\/wp\/v2\/pages\/12","targetHints":{"allow":["GET"]}}],"collection":[{"href":"https:\/\/oparidenda.es\/eu\/wp-json\/wp\/v2\/pages"}],"about":[{"href":"https:\/\/oparidenda.es\/eu\/wp-json\/wp\/v2\/types\/page"}],"author":[{"embeddable":true,"href":"https:\/\/oparidenda.es\/eu\/wp-json\/wp\/v2\/users\/1"}],"replies":[{"embeddable":true,"href":"https:\/\/oparidenda.es\/eu\/wp-json\/wp\/v2\/comments?post=12"}],"version-history":[{"count":70,"href":"https:\/\/oparidenda.es\/eu\/wp-json\/wp\/v2\/pages\/12\/revisions"}],"predecessor-version":[{"id":243,"href":"https:\/\/oparidenda.es\/eu\/wp-json\/wp\/v2\/pages\/12\/revisions\/243"}],"wp:attachment":[{"href":"https:\/\/oparidenda.es\/eu\/wp-json\/wp\/v2\/media?parent=12"}],"curies":[{"name":"wp","href":"https:\/\/api.w.org\/{rel}","templated":true}]}}