{"id":9,"date":"2026-01-26T14:55:02","date_gmt":"2026-01-26T14:55:02","guid":{"rendered":"https:\/\/oparidenda.rkinformatika.online\/?page_id=9"},"modified":"2026-02-03T09:54:05","modified_gmt":"2026-02-03T09:54:05","slug":"inicio","status":"publish","type":"page","link":"https:\/\/oparidenda.es\/eu\/","title":{"rendered":"Hasiera"},"content":{"rendered":"<div data-elementor-type=\"wp-page\" data-elementor-id=\"9\" class=\"elementor elementor-9\" data-elementor-post-type=\"page\">\n\t\t\t\t<div class=\"elementor-element elementor-element-0d0e819 e-flex e-con-boxed e-con e-parent\" data-id=\"0d0e819\" data-element_type=\"container\" data-e-type=\"container\" data-settings=\"{&quot;background_background&quot;:&quot;classic&quot;}\">\n\t\t\t\t\t<div class=\"e-con-inner\">\n\t\t\t\t<div class=\"elementor-element elementor-element-dc9b590 elementor-invisible elementor-widget elementor-widget-heading\" data-id=\"dc9b590\" data-element_type=\"widget\" data-e-type=\"widget\" data-settings=\"{&quot;_animation&quot;:&quot;fadeInLeft&quot;}\" data-widget_type=\"heading.default\">\n\t\t\t\t\t<h2 class=\"elementor-heading-title elementor-size-default\">Aukera bakoitzerako kalitatezko produktuak.<\/h2>\t\t\t\t<\/div>\n\t\t\t\t\t<\/div>\n\t\t\t\t<\/div>\n\t\t<div class=\"elementor-element elementor-element-c936633 e-flex e-con-boxed e-con e-parent\" data-id=\"c936633\" data-element_type=\"container\" data-e-type=\"container\" data-settings=\"{&quot;background_background&quot;:&quot;classic&quot;}\">\n\t\t\t\t\t<div class=\"e-con-inner\">\n\t\t<div class=\"elementor-element elementor-element-2727dfe e-con-full e-flex e-con e-child\" data-id=\"2727dfe\" data-element_type=\"container\" data-e-type=\"container\">\n\t\t\t\t<div class=\"elementor-element elementor-element-57d4917 elementor-widget elementor-widget-heading\" data-id=\"57d4917\" data-element_type=\"widget\" data-e-type=\"widget\" data-widget_type=\"heading.default\">\n\t\t\t\t\t<h2 class=\"elementor-heading-title elementor-size-default\">Guri Buruz<\/h2>\t\t\t\t<\/div>\n\t\t\t\t<div class=\"elementor-element elementor-element-b7b5cd8 elementor-widget elementor-widget-text-editor\" data-id=\"b7b5cd8\" data-element_type=\"widget\" data-e-type=\"widget\" data-widget_type=\"text-editor.default\">\n\t\t\t\t\t\t\t\t\t<p>Opari Dendan 25 urte baino gehiago daramatzagu kalitatezko produktuak eta Udaletik gertu dagoen zerbitzua eskaintzen. Negozio gisa hasi zena <em data-start=\"373\" data-end=\"383\">TODO 100<\/em> esfortzuz eta berrikuntzaz eboluzionatu du, eta bazarra, opariak, elikadura eta gozokiak konbinatzen dituen espazio bihurtu da, non arreta pertsonalizatua den gure nortasunaren ezaugarria.<\/p>\t\t\t\t\t\t\t\t<\/div>\n\t\t\t\t<\/div>\n\t\t<div class=\"elementor-element elementor-element-ae8acc9 e-con-full e-flex e-con e-child\" data-id=\"ae8acc9\" data-element_type=\"container\" data-e-type=\"container\">\n\t\t\t\t<div class=\"elementor-element elementor-element-6d0726e elementor-widget elementor-widget-image\" data-id=\"6d0726e\" data-element_type=\"widget\" data-e-type=\"widget\" data-widget_type=\"image.default\">\n\t\t\t\t\t\t\t\t\t\t\t\t\t\t\t<img fetchpriority=\"high\" decoding=\"async\" width=\"755\" height=\"591\" src=\"https:\/\/oparidenda.es\/wp-content\/uploads\/2026\/02\/Captura-desde-2026-02-02-18-24-20.png\" class=\"attachment-large size-large wp-image-103\" alt=\"\" srcset=\"https:\/\/oparidenda.es\/wp-content\/uploads\/2026\/02\/Captura-desde-2026-02-02-18-24-20.png 755w, https:\/\/oparidenda.es\/wp-content\/uploads\/2026\/02\/Captura-desde-2026-02-02-18-24-20-300x235.png 300w, https:\/\/oparidenda.es\/wp-content\/uploads\/2026\/02\/Captura-desde-2026-02-02-18-24-20-15x12.png 15w\" sizes=\"(max-width: 755px) 100vw, 755px\" \/>\t\t\t\t\t\t\t\t\t\t\t\t\t\t\t<\/div>\n\t\t\t\t<\/div>\n\t\t\t\t\t<\/div>\n\t\t\t\t<\/div>\n\t\t<div class=\"elementor-element elementor-element-0cc3f48 e-flex e-con-boxed e-con e-parent\" data-id=\"0cc3f48\" data-element_type=\"container\" data-e-type=\"container\">\n\t\t\t\t\t<div class=\"e-con-inner\">\n\t\t\t\t<div class=\"elementor-element elementor-element-57680bc elementor-widget elementor-widget-gallery\" data-id=\"57680bc\" data-element_type=\"widget\" data-e-type=\"widget\" data-settings=\"{&quot;columns&quot;:3,&quot;lazyload&quot;:&quot;yes&quot;,&quot;gallery_layout&quot;:&quot;grid&quot;,&quot;columns_tablet&quot;:2,&quot;columns_mobile&quot;:1,&quot;gap&quot;:{&quot;unit&quot;:&quot;px&quot;,&quot;size&quot;:10,&quot;sizes&quot;:[]},&quot;gap_tablet&quot;:{&quot;unit&quot;:&quot;px&quot;,&quot;size&quot;:10,&quot;sizes&quot;:[]},&quot;gap_mobile&quot;:{&quot;unit&quot;:&quot;px&quot;,&quot;size&quot;:10,&quot;sizes&quot;:[]},&quot;link_to&quot;:&quot;file&quot;,&quot;aspect_ratio&quot;:&quot;3:2&quot;,&quot;overlay_background&quot;:&quot;yes&quot;,&quot;content_hover_animation&quot;:&quot;fade-in&quot;}\" data-widget_type=\"gallery.default\">\n\t\t\t\t\t\t\t<div class=\"elementor-gallery__container\">\n\t\t\t\t\t\t\t<a class=\"e-gallery-item elementor-gallery-item elementor-animated-content\" href=\"https:\/\/oparidenda.es\/wp-content\/uploads\/2026\/02\/Captura-desde-2026-02-02-18-24-32.png\" data-elementor-open-lightbox=\"yes\" data-elementor-lightbox-slideshow=\"57680bc\" data-elementor-lightbox-title=\"Captura desde 2026-02-02 18-24-32\" data-e-action-hash=\"#elementor-action%3Aaction%3Dlightbox%26settings%3DeyJpZCI6MTE2LCJ1cmwiOiJodHRwczpcL1wvb3BhcmlkZW5kYS5lc1wvd3AtY29udGVudFwvdXBsb2Fkc1wvMjAyNlwvMDJcL0NhcHR1cmEtZGVzZGUtMjAyNi0wMi0wMi0xOC0yNC0zMi5wbmciLCJzbGlkZXNob3ciOiI1NzY4MGJjIn0%3D\">\n\t\t\t\t\t<div class=\"e-gallery-image elementor-gallery-item__image\" data-thumbnail=\"https:\/\/oparidenda.es\/wp-content\/uploads\/2026\/02\/Captura-desde-2026-02-02-18-24-32.png\" data-width=\"800\" data-height=\"681\" aria-label=\"\" role=\"img\" ><\/div>\n\t\t\t\t\t\t\t\t\t\t\t<div class=\"elementor-gallery-item__overlay\"><\/div>\n\t\t\t\t\t\t\t\t\t\t\t\t\t\t<\/a>\n\t\t\t\t\t\t\t<a class=\"e-gallery-item elementor-gallery-item elementor-animated-content\" href=\"https:\/\/oparidenda.es\/wp-content\/uploads\/2026\/02\/Captura-desde-2026-02-02-18-24-41.png\" data-elementor-open-lightbox=\"yes\" data-elementor-lightbox-slideshow=\"57680bc\" data-elementor-lightbox-title=\"Captura desde 2026-02-02 18-24-41\" data-e-action-hash=\"#elementor-action%3Aaction%3Dlightbox%26settings%3DeyJpZCI6MTE3LCJ1cmwiOiJodHRwczpcL1wvb3BhcmlkZW5kYS5lc1wvd3AtY29udGVudFwvdXBsb2Fkc1wvMjAyNlwvMDJcL0NhcHR1cmEtZGVzZGUtMjAyNi0wMi0wMi0xOC0yNC00MS5wbmciLCJzbGlkZXNob3ciOiI1NzY4MGJjIn0%3D\">\n\t\t\t\t\t<div class=\"e-gallery-image elementor-gallery-item__image\" data-thumbnail=\"https:\/\/oparidenda.es\/wp-content\/uploads\/2026\/02\/Captura-desde-2026-02-02-18-24-41-1024x576.png\" data-width=\"800\" data-height=\"450\" aria-label=\"\" role=\"img\" ><\/div>\n\t\t\t\t\t\t\t\t\t\t\t<div class=\"elementor-gallery-item__overlay\"><\/div>\n\t\t\t\t\t\t\t\t\t\t\t\t\t\t<\/a>\n\t\t\t\t\t\t\t<a class=\"e-gallery-item elementor-gallery-item elementor-animated-content\" href=\"https:\/\/oparidenda.es\/wp-content\/uploads\/2026\/02\/Captura-desde-2026-02-02-18-25-06.png\" data-elementor-open-lightbox=\"yes\" data-elementor-lightbox-slideshow=\"57680bc\" data-elementor-lightbox-title=\"Captura desde 2026-02-02 18-25-06\" data-e-action-hash=\"#elementor-action%3Aaction%3Dlightbox%26settings%3DeyJpZCI6MTE4LCJ1cmwiOiJodHRwczpcL1wvb3BhcmlkZW5kYS5lc1wvd3AtY29udGVudFwvdXBsb2Fkc1wvMjAyNlwvMDJcL0NhcHR1cmEtZGVzZGUtMjAyNi0wMi0wMi0xOC0yNS0wNi5wbmciLCJzbGlkZXNob3ciOiI1NzY4MGJjIn0%3D\">\n\t\t\t\t\t<div class=\"e-gallery-image elementor-gallery-item__image\" data-thumbnail=\"https:\/\/oparidenda.es\/wp-content\/uploads\/2026\/02\/Captura-desde-2026-02-02-18-25-06.png\" data-width=\"551\" data-height=\"872\" aria-label=\"\" role=\"img\" ><\/div>\n\t\t\t\t\t\t\t\t\t\t\t<div class=\"elementor-gallery-item__overlay\"><\/div>\n\t\t\t\t\t\t\t\t\t\t\t\t\t\t<\/a>\n\t\t\t\t\t\t\t<a class=\"e-gallery-item elementor-gallery-item elementor-animated-content\" href=\"https:\/\/oparidenda.es\/wp-content\/uploads\/2026\/02\/Captura-desde-2026-02-02-18-25-27.png\" data-elementor-open-lightbox=\"yes\" data-elementor-lightbox-slideshow=\"57680bc\" data-elementor-lightbox-title=\"Captura desde 2026-02-02 18-25-27\" data-e-action-hash=\"#elementor-action%3Aaction%3Dlightbox%26settings%3DeyJpZCI6MTE5LCJ1cmwiOiJodHRwczpcL1wvb3BhcmlkZW5kYS5lc1wvd3AtY29udGVudFwvdXBsb2Fkc1wvMjAyNlwvMDJcL0NhcHR1cmEtZGVzZGUtMjAyNi0wMi0wMi0xOC0yNS0yNy5wbmciLCJzbGlkZXNob3ciOiI1NzY4MGJjIn0%3D\">\n\t\t\t\t\t<div class=\"e-gallery-image elementor-gallery-item__image\" data-thumbnail=\"https:\/\/oparidenda.es\/wp-content\/uploads\/2026\/02\/Captura-desde-2026-02-02-18-25-27-1024x742.png\" data-width=\"800\" data-height=\"580\" aria-label=\"\" role=\"img\" ><\/div>\n\t\t\t\t\t\t\t\t\t\t\t<div class=\"elementor-gallery-item__overlay\"><\/div>\n\t\t\t\t\t\t\t\t\t\t\t\t\t\t<\/a>\n\t\t\t\t\t\t\t<a class=\"e-gallery-item elementor-gallery-item elementor-animated-content\" href=\"https:\/\/oparidenda.es\/wp-content\/uploads\/2026\/02\/Captura-desde-2026-02-02-18-25-38.png\" data-elementor-open-lightbox=\"yes\" data-elementor-lightbox-slideshow=\"57680bc\" data-elementor-lightbox-title=\"Captura desde 2026-02-02 18-25-38\" data-e-action-hash=\"#elementor-action%3Aaction%3Dlightbox%26settings%3DeyJpZCI6MTIwLCJ1cmwiOiJodHRwczpcL1wvb3BhcmlkZW5kYS5lc1wvd3AtY29udGVudFwvdXBsb2Fkc1wvMjAyNlwvMDJcL0NhcHR1cmEtZGVzZGUtMjAyNi0wMi0wMi0xOC0yNS0zOC5wbmciLCJzbGlkZXNob3ciOiI1NzY4MGJjIn0%3D\">\n\t\t\t\t\t<div class=\"e-gallery-image elementor-gallery-item__image\" data-thumbnail=\"https:\/\/oparidenda.es\/wp-content\/uploads\/2026\/02\/Captura-desde-2026-02-02-18-25-38-1024x581.png\" data-width=\"800\" data-height=\"454\" aria-label=\"\" role=\"img\" ><\/div>\n\t\t\t\t\t\t\t\t\t\t\t<div class=\"elementor-gallery-item__overlay\"><\/div>\n\t\t\t\t\t\t\t\t\t\t\t\t\t\t<\/a>\n\t\t\t\t\t\t\t<a class=\"e-gallery-item elementor-gallery-item elementor-animated-content\" href=\"https:\/\/oparidenda.es\/wp-content\/uploads\/2026\/02\/Captura-desde-2026-02-02-18-25-57.png\" data-elementor-open-lightbox=\"yes\" data-elementor-lightbox-slideshow=\"57680bc\" data-elementor-lightbox-title=\"Captura desde 2026-02-02 18-25-57\" data-e-action-hash=\"#elementor-action%3Aaction%3Dlightbox%26settings%3DeyJpZCI6MTIxLCJ1cmwiOiJodHRwczpcL1wvb3BhcmlkZW5kYS5lc1wvd3AtY29udGVudFwvdXBsb2Fkc1wvMjAyNlwvMDJcL0NhcHR1cmEtZGVzZGUtMjAyNi0wMi0wMi0xOC0yNS01Ny5wbmciLCJzbGlkZXNob3ciOiI1NzY4MGJjIn0%3D\">\n\t\t\t\t\t<div class=\"e-gallery-image elementor-gallery-item__image\" data-thumbnail=\"https:\/\/oparidenda.es\/wp-content\/uploads\/2026\/02\/Captura-desde-2026-02-02-18-25-57-1024x744.png\" data-width=\"800\" data-height=\"581\" aria-label=\"\" role=\"img\" ><\/div>\n\t\t\t\t\t\t\t\t\t\t\t<div class=\"elementor-gallery-item__overlay\"><\/div>\n\t\t\t\t\t\t\t\t\t\t\t\t\t\t<\/a>\n\t\t\t\t\t<\/div>\n\t\t\t\t\t<\/div>\n\t\t\t\t\t<\/div>\n\t\t\t\t<\/div>\n\t\t<div class=\"elementor-element elementor-element-d048a7d e-flex e-con-boxed e-con e-parent\" data-id=\"d048a7d\" data-element_type=\"container\" data-e-type=\"container\" data-settings=\"{&quot;background_background&quot;:&quot;classic&quot;}\">\n\t\t\t\t\t<div class=\"e-con-inner\">\n\t\t\t\t<div class=\"elementor-element elementor-element-af96d3a elementor-widget elementor-widget-heading\" data-id=\"af96d3a\" data-element_type=\"widget\" data-e-type=\"widget\" data-widget_type=\"heading.default\">\n\t\t\t\t\t<h2 class=\"elementor-heading-title elementor-size-default\">Mertzeria, burdineria, garbiketa eta oinarrizko produktuak<\/h2>\t\t\t\t<\/div>\n\t\t\t\t<div class=\"elementor-element elementor-element-803be5f elementor-widget elementor-widget-text-editor\" data-id=\"803be5f\" data-element_type=\"widget\" data-e-type=\"widget\" data-widget_type=\"text-editor.default\">\n\t\t\t\t\t\t\t\t\t<p>Hurbiltasuna, arreta pertsonalizatua eta bilatzen duzun guztia<\/p>\t\t\t\t\t\t\t\t<\/div>\n\t\t\t\t<div class=\"elementor-element elementor-element-762328b elementor-align-center elementor-widget elementor-widget-button\" data-id=\"762328b\" data-element_type=\"widget\" data-e-type=\"widget\" data-widget_type=\"button.default\">\n\t\t\t\t\t\t\t\t\t\t<a class=\"elementor-button elementor-button-link elementor-size-sm\" href=\"https:\/\/oparidenda.es\/eu\/productos\/\">\n\t\t\t\t\t\t<span class=\"elementor-button-content-wrapper\">\n\t\t\t\t\t\t\t\t\t<span class=\"elementor-button-text\">Produktuak<\/span>\n\t\t\t\t\t<\/span>\n\t\t\t\t\t<\/a>\n\t\t\t\t\t\t\t\t<\/div>\n\t\t\t\t\t<\/div>\n\t\t\t\t<\/div>\n\t\t\t\t<\/div>","protected":false},"excerpt":{"rendered":"<p>Productos de calidad para cada ocasi\u00f3n. Sobre Nosotros En Opari Denda llevamos m\u00e1s de 25 a\u00f1os ofreciendo productos de calidad y un servicio cercano junto al Ayuntamiento. Lo que empez\u00f3 como un negocio de TODO 100 ha evolucionado con esfuerzo e innovaci\u00f3n, convirti\u00e9ndose en un espacio que combina bazar, regalos, alimentaci\u00f3n y golosinas, donde la [&hellip;]<\/p>\n","protected":false},"author":1,"featured_media":0,"parent":0,"menu_order":0,"comment_status":"closed","ping_status":"closed","template":"elementor_canvas","meta":{"footnotes":""},"class_list":["post-9","page","type-page","status-publish","hentry"],"yoast_head":"<!-- This site is optimized with the Yoast SEO plugin v27.3 - https:\/\/yoast.com\/product\/yoast-seo-wordpress\/ -->\n<title>Inicio - Opari Denda<\/title>\n<meta name=\"robots\" content=\"index, follow, max-snippet:-1, max-image-preview:large, max-video-preview:-1\" \/>\n<link rel=\"canonical\" href=\"https:\/\/oparidenda.es\/eu\/\" \/>\n<meta property=\"og:locale\" content=\"en_US\" \/>\n<meta property=\"og:type\" content=\"article\" \/>\n<meta property=\"og:title\" content=\"Inicio - Opari Denda\" \/>\n<meta property=\"og:description\" content=\"Productos de calidad para cada ocasi\u00f3n. Sobre Nosotros En Opari Denda llevamos m\u00e1s de 25 a\u00f1os ofreciendo productos de calidad y un servicio cercano junto al Ayuntamiento. Lo que empez\u00f3 como un negocio de TODO 100 ha evolucionado con esfuerzo e innovaci\u00f3n, convirti\u00e9ndose en un espacio que combina bazar, regalos, alimentaci\u00f3n y golosinas, donde la [&hellip;]\" \/>\n<meta property=\"og:url\" content=\"https:\/\/oparidenda.es\/eu\/\" \/>\n<meta property=\"og:site_name\" content=\"Opari Denda\" \/>\n<meta property=\"article:modified_time\" content=\"2026-02-03T09:54:05+00:00\" \/>\n<meta property=\"og:image\" content=\"https:\/\/oparidenda.es\/wp-content\/uploads\/2026\/02\/Captura-desde-2026-02-02-18-24-20.png\" \/>\n\t<meta property=\"og:image:width\" content=\"755\" \/>\n\t<meta property=\"og:image:height\" content=\"591\" \/>\n\t<meta property=\"og:image:type\" content=\"image\/png\" \/>\n<meta name=\"twitter:card\" content=\"summary_large_image\" \/>\n<meta name=\"twitter:label1\" content=\"Est. reading time\" \/>\n\t<meta name=\"twitter:data1\" content=\"1 minutua\" \/>\n<script type=\"application\/ld+json\" class=\"yoast-schema-graph\">{\"@context\":\"https:\\\/\\\/schema.org\",\"@graph\":[{\"@type\":\"WebPage\",\"@id\":\"https:\\\/\\\/oparidenda.es\\\/\",\"url\":\"https:\\\/\\\/oparidenda.es\\\/\",\"name\":\"Inicio - Opari Denda\",\"isPartOf\":{\"@id\":\"https:\\\/\\\/oparidenda.es\\\/#website\"},\"primaryImageOfPage\":{\"@id\":\"https:\\\/\\\/oparidenda.es\\\/#primaryimage\"},\"image\":{\"@id\":\"https:\\\/\\\/oparidenda.es\\\/#primaryimage\"},\"thumbnailUrl\":\"https:\\\/\\\/oparidenda.es\\\/wp-content\\\/uploads\\\/2026\\\/02\\\/Captura-desde-2026-02-02-18-24-20.png\",\"datePublished\":\"2026-01-26T14:55:02+00:00\",\"dateModified\":\"2026-02-03T09:54:05+00:00\",\"breadcrumb\":{\"@id\":\"https:\\\/\\\/oparidenda.es\\\/#breadcrumb\"},\"inLanguage\":\"eu\",\"potentialAction\":[{\"@type\":\"ReadAction\",\"target\":[\"https:\\\/\\\/oparidenda.es\\\/\"]}]},{\"@type\":\"ImageObject\",\"inLanguage\":\"eu\",\"@id\":\"https:\\\/\\\/oparidenda.es\\\/#primaryimage\",\"url\":\"https:\\\/\\\/oparidenda.es\\\/wp-content\\\/uploads\\\/2026\\\/02\\\/Captura-desde-2026-02-02-18-24-20.png\",\"contentUrl\":\"https:\\\/\\\/oparidenda.es\\\/wp-content\\\/uploads\\\/2026\\\/02\\\/Captura-desde-2026-02-02-18-24-20.png\"},{\"@type\":\"BreadcrumbList\",\"@id\":\"https:\\\/\\\/oparidenda.es\\\/#breadcrumb\",\"itemListElement\":[{\"@type\":\"ListItem\",\"position\":1,\"name\":\"Portada\",\"item\":\"https:\\\/\\\/oparidenda.es\\\/\"},{\"@type\":\"ListItem\",\"position\":2,\"name\":\"Inicio\"}]},{\"@type\":\"WebSite\",\"@id\":\"https:\\\/\\\/oparidenda.es\\\/#website\",\"url\":\"https:\\\/\\\/oparidenda.es\\\/\",\"name\":\"Opari Denda\",\"description\":\"Bazar\",\"publisher\":{\"@id\":\"https:\\\/\\\/oparidenda.es\\\/#organization\"},\"potentialAction\":[{\"@type\":\"SearchAction\",\"target\":{\"@type\":\"EntryPoint\",\"urlTemplate\":\"https:\\\/\\\/oparidenda.es\\\/?s={search_term_string}\"},\"query-input\":{\"@type\":\"PropertyValueSpecification\",\"valueRequired\":true,\"valueName\":\"search_term_string\"}}],\"inLanguage\":\"eu\"},{\"@type\":\"Organization\",\"@id\":\"https:\\\/\\\/oparidenda.es\\\/#organization\",\"name\":\"Opari Denda\",\"url\":\"https:\\\/\\\/oparidenda.es\\\/\",\"logo\":{\"@type\":\"ImageObject\",\"inLanguage\":\"eu\",\"@id\":\"https:\\\/\\\/oparidenda.es\\\/#\\\/schema\\\/logo\\\/image\\\/\",\"url\":\"https:\\\/\\\/oparidenda.es\\\/wp-content\\\/uploads\\\/2026\\\/01\\\/cropped-oparidenda.png\",\"contentUrl\":\"https:\\\/\\\/oparidenda.es\\\/wp-content\\\/uploads\\\/2026\\\/01\\\/cropped-oparidenda.png\",\"width\":861,\"height\":349,\"caption\":\"Opari Denda\"},\"image\":{\"@id\":\"https:\\\/\\\/oparidenda.es\\\/#\\\/schema\\\/logo\\\/image\\\/\"}}]}<\/script>\n<!-- \/ Yoast SEO plugin. -->","yoast_head_json":{"title":"Inicio - Opari Denda","robots":{"index":"index","follow":"follow","max-snippet":"max-snippet:-1","max-image-preview":"max-image-preview:large","max-video-preview":"max-video-preview:-1"},"canonical":"https:\/\/oparidenda.es\/eu\/","og_locale":"en_US","og_type":"article","og_title":"Inicio - Opari Denda","og_description":"Productos de calidad para cada ocasi\u00f3n. Sobre Nosotros En Opari Denda llevamos m\u00e1s de 25 a\u00f1os ofreciendo productos de calidad y un servicio cercano junto al Ayuntamiento. Lo que empez\u00f3 como un negocio de TODO 100 ha evolucionado con esfuerzo e innovaci\u00f3n, convirti\u00e9ndose en un espacio que combina bazar, regalos, alimentaci\u00f3n y golosinas, donde la [&hellip;]","og_url":"https:\/\/oparidenda.es\/eu\/","og_site_name":"Opari Denda","article_modified_time":"2026-02-03T09:54:05+00:00","og_image":[{"width":755,"height":591,"url":"https:\/\/oparidenda.es\/wp-content\/uploads\/2026\/02\/Captura-desde-2026-02-02-18-24-20.png","type":"image\/png"}],"twitter_card":"summary_large_image","twitter_misc":{"Est. reading time":"1 minutua"},"schema":{"@context":"https:\/\/schema.org","@graph":[{"@type":"WebPage","@id":"https:\/\/oparidenda.es\/","url":"https:\/\/oparidenda.es\/","name":"Inicio - Opari Denda","isPartOf":{"@id":"https:\/\/oparidenda.es\/#website"},"primaryImageOfPage":{"@id":"https:\/\/oparidenda.es\/#primaryimage"},"image":{"@id":"https:\/\/oparidenda.es\/#primaryimage"},"thumbnailUrl":"https:\/\/oparidenda.es\/wp-content\/uploads\/2026\/02\/Captura-desde-2026-02-02-18-24-20.png","datePublished":"2026-01-26T14:55:02+00:00","dateModified":"2026-02-03T09:54:05+00:00","breadcrumb":{"@id":"https:\/\/oparidenda.es\/#breadcrumb"},"inLanguage":"eu","potentialAction":[{"@type":"ReadAction","target":["https:\/\/oparidenda.es\/"]}]},{"@type":"ImageObject","inLanguage":"eu","@id":"https:\/\/oparidenda.es\/#primaryimage","url":"https:\/\/oparidenda.es\/wp-content\/uploads\/2026\/02\/Captura-desde-2026-02-02-18-24-20.png","contentUrl":"https:\/\/oparidenda.es\/wp-content\/uploads\/2026\/02\/Captura-desde-2026-02-02-18-24-20.png"},{"@type":"BreadcrumbList","@id":"https:\/\/oparidenda.es\/#breadcrumb","itemListElement":[{"@type":"ListItem","position":1,"name":"Portada","item":"https:\/\/oparidenda.es\/"},{"@type":"ListItem","position":2,"name":"Inicio"}]},{"@type":"WebSite","@id":"https:\/\/oparidenda.es\/#website","url":"https:\/\/oparidenda.es\/","name":"Opari Denda","description":"Bazar","publisher":{"@id":"https:\/\/oparidenda.es\/#organization"},"potentialAction":[{"@type":"SearchAction","target":{"@type":"EntryPoint","urlTemplate":"https:\/\/oparidenda.es\/?s={search_term_string}"},"query-input":{"@type":"PropertyValueSpecification","valueRequired":true,"valueName":"search_term_string"}}],"inLanguage":"eu"},{"@type":"Organization","@id":"https:\/\/oparidenda.es\/#organization","name":"Opari Denda","url":"https:\/\/oparidenda.es\/","logo":{"@type":"ImageObject","inLanguage":"eu","@id":"https:\/\/oparidenda.es\/#\/schema\/logo\/image\/","url":"https:\/\/oparidenda.es\/wp-content\/uploads\/2026\/01\/cropped-oparidenda.png","contentUrl":"https:\/\/oparidenda.es\/wp-content\/uploads\/2026\/01\/cropped-oparidenda.png","width":861,"height":349,"caption":"Opari Denda"},"image":{"@id":"https:\/\/oparidenda.es\/#\/schema\/logo\/image\/"}}]}},"_links":{"self":[{"href":"https:\/\/oparidenda.es\/eu\/wp-json\/wp\/v2\/pages\/9","targetHints":{"allow":["GET"]}}],"collection":[{"href":"https:\/\/oparidenda.es\/eu\/wp-json\/wp\/v2\/pages"}],"about":[{"href":"https:\/\/oparidenda.es\/eu\/wp-json\/wp\/v2\/types\/page"}],"author":[{"embeddable":true,"href":"https:\/\/oparidenda.es\/eu\/wp-json\/wp\/v2\/users\/1"}],"replies":[{"embeddable":true,"href":"https:\/\/oparidenda.es\/eu\/wp-json\/wp\/v2\/comments?post=9"}],"version-history":[{"count":49,"href":"https:\/\/oparidenda.es\/eu\/wp-json\/wp\/v2\/pages\/9\/revisions"}],"predecessor-version":[{"id":240,"href":"https:\/\/oparidenda.es\/eu\/wp-json\/wp\/v2\/pages\/9\/revisions\/240"}],"wp:attachment":[{"href":"https:\/\/oparidenda.es\/eu\/wp-json\/wp\/v2\/media?parent=9"}],"curies":[{"name":"wp","href":"https:\/\/api.w.org\/{rel}","templated":true}]}}